{"id":9,"date":"2018-05-10T23:02:40","date_gmt":"2018-05-10T23:02:40","guid":{"rendered":"https:\/\/sarteam.rsoft.pt\/?page_id=9"},"modified":"2018-05-10T23:28:28","modified_gmt":"2018-05-10T23:28:28","slug":"contacto","status":"publish","type":"page","link":"https:\/\/sarteam.rsoft.pt\/?page_id=9","title":{"rendered":"Contacto"},"content":{"rendered":"<p>Esta \u00e9 uma p\u00e1gina com algumas informa\u00e7\u00f5es b\u00e1sicas de contacto, tais como uma morada e o n\u00famero de telefone. Tamb\u00e9m poder\u00e1 usar um plugin para adicionar um formul\u00e1rio de contacto.<\/p>\n","protected":false},"excerpt":{"rendered":"<p>Esta \u00e9 uma p\u00e1gina com algumas informa\u00e7\u00f5es b\u00e1sicas de contacto, tais como uma morada e o n\u00famero de telefone. Tamb\u00e9m poder\u00e1 usar um plugin para adicionar um formul\u00e1rio de contacto.<\/p>\n","protected":false},"author":1,"featured_media":40,"parent":0,"menu_order":0,"comment_status":"closed","ping_status":"closed","template":"","meta":{"footnotes":""},"class_list":["post-9","page","type-page","status-publish","has-post-thumbnail","hentry"],"_links":{"self":[{"href":"https:\/\/sarteam.rsoft.pt\/index.php?rest_route=\/wp\/v2\/pages\/9","targetHints":{"allow":["GET"]}}],"collection":[{"href":"https:\/\/sarteam.rsoft.pt\/index.php?rest_route=\/wp\/v2\/pages"}],"about":[{"href":"https:\/\/sarteam.rsoft.pt\/index.php?rest_route=\/wp\/v2\/types\/page"}],"author":[{"embeddable":true,"href":"https:\/\/sarteam.rsoft.pt\/index.php?rest_route=\/wp\/v2\/users\/1"}],"replies":[{"embeddable":true,"href":"https:\/\/sarteam.rsoft.pt\/index.php?rest_route=%2Fwp%2Fv2%2Fcomments&post=9"}],"version-history":[{"count":1,"href":"https:\/\/sarteam.rsoft.pt\/index.php?rest_route=\/wp\/v2\/pages\/9\/revisions"}],"predecessor-version":[{"id":18,"href":"https:\/\/sarteam.rsoft.pt\/index.php?rest_route=\/wp\/v2\/pages\/9\/revisions\/18"}],"wp:featuredmedia":[{"embeddable":true,"href":"https:\/\/sarteam.rsoft.pt\/index.php?rest_route=\/wp\/v2\/media\/40"}],"wp:attachment":[{"href":"https:\/\/sarteam.rsoft.pt\/index.php?rest_route=%2Fwp%2Fv2%2Fmedia&parent=9"}],"curies":[{"name":"wp","href":"https:\/\/api.w.org\/{rel}","templated":true}]}}